{"id":28,"date":"2026-01-28T19:37:56","date_gmt":"2026-01-28T19:37:56","guid":{"rendered":"https:\/\/www.somares.org\/?page_id=28"},"modified":"2026-01-29T03:51:56","modified_gmt":"2026-01-29T03:51:56","slug":"inicio","status":"publish","type":"page","link":"https:\/\/www.somares.org\/","title":{"rendered":"In\u00edcio"},"content":{"rendered":"\t\t<div data-elementor-type=\"wp-page\" data-elementor-id=\"28\" class=\"elementor elementor-28\" data-elementor-post-type=\"page\">\n\t\t\t\t<div class=\"elementor-element elementor-element-5152e48 e-con-full e-flex e-con e-parent\" data-id=\"5152e48\" data-element_type=\"container\" data-e-type=\"container\">\n\t\t\t\t<div class=\"elementor-element elementor-element-bf93446 elementor--h-position-center elementor--v-position-middle elementor-arrows-position-inside elementor-pagination-position-inside elementor-widget elementor-widget-slides\" data-id=\"bf93446\" data-element_type=\"widget\" data-e-type=\"widget\" data-settings=\"{&quot;navigation&quot;:&quot;both&quot;,&quot;autoplay&quot;:&quot;yes&quot;,&quot;pause_on_hover&quot;:&quot;yes&quot;,&quot;pause_on_interaction&quot;:&quot;yes&quot;,&quot;autoplay_speed&quot;:5000,&quot;infinite&quot;:&quot;yes&quot;,&quot;transition&quot;:&quot;slide&quot;,&quot;transition_speed&quot;:500}\" data-widget_type=\"slides.default\">\n\t\t\t\t\t\t\t\t\t\t<div class=\"elementor-slides-wrapper elementor-main-swiper swiper\" role=\"region\" aria-roledescription=\"carousel\" aria-label=\"Slides\" dir=\"ltr\" data-animation=\"fadeInUp\">\n\t\t\t\t<div class=\"swiper-wrapper elementor-slides\">\n\t\t\t\t\t\t\t\t\t\t<div class=\"elementor-repeater-item-b9000d2 swiper-slide\" role=\"group\" aria-roledescription=\"slide\"><div class=\"swiper-slide-bg elementor-ken-burns elementor-ken-burns--in\" role=\"img\" aria-label=\"Somares-Imagem-1\"><\/div><div class=\"swiper-slide-inner\" ><div class=\"swiper-slide-contents\"><\/div><\/div><\/div>\t\t\t\t<\/div>\n\t\t\t\t\t\t\t<\/div>\n\t\t\t\t\t\t\t\t<\/div>\n\t\t\t\t<\/div>\n\t\t<div class=\"elementor-element elementor-element-9f94b8f e-flex e-con-boxed e-con e-parent\" data-id=\"9f94b8f\" data-element_type=\"container\" data-e-type=\"container\">\n\t\t\t\t\t<div class=\"e-con-inner\">\n\t\t<div class=\"elementor-element elementor-element-b00411f e-con-full e-flex e-con e-child\" data-id=\"b00411f\" data-element_type=\"container\" data-e-type=\"container\">\n\t\t\t\t<div class=\"elementor-element elementor-element-f7cd027 elementor-widget__width-initial elementor-widget elementor-widget-heading\" data-id=\"f7cd027\" data-element_type=\"widget\" data-e-type=\"widget\" data-widget_type=\"heading.default\">\n\t\t\t\t\t<h2 class=\"elementor-heading-title elementor-size-default\">\u00c1reas de Atua\u00e7\u00e3o<\/h2>\t\t\t\t<\/div>\n\t\t\t\t<div class=\"elementor-element elementor-element-05d2ad4 elementor-widget elementor-widget-text-editor\" data-id=\"05d2ad4\" data-element_type=\"widget\" data-e-type=\"widget\" data-widget_type=\"text-editor.default\">\n\t\t\t\t\t\t\t\t\tO Instituto destina-se ao desenvolvimento de atividades de natureza:\t\t\t\t\t\t\t\t<\/div>\n\t\t\t\t<\/div>\n\t\t<div class=\"elementor-element elementor-element-e33c851 e-con-full e-flex e-con e-child\" data-id=\"e33c851\" data-element_type=\"container\" data-e-type=\"container\">\n\t\t\t\t<div class=\"elementor-element elementor-element-2888993 elementor-widget elementor-widget-image\" data-id=\"2888993\" data-element_type=\"widget\" data-e-type=\"widget\" data-widget_type=\"image.default\">\n\t\t\t\t\t\t\t\t\t\t\t\t\t\t\t<img fetchpriority=\"high\" decoding=\"async\" width=\"256\" height=\"320\" src=\"https:\/\/www.somares.org\/wp-content\/uploads\/2026\/01\/cientifica.svg\" class=\"elementor-animation-shrink attachment-large size-large wp-image-192\" alt=\"\" \/>\t\t\t\t\t\t\t\t\t\t\t\t\t\t\t<\/div>\n\t\t\t\t<\/div>\n\t\t<div class=\"elementor-element elementor-element-dc160b9 e-con-full e-flex e-con e-child\" data-id=\"dc160b9\" data-element_type=\"container\" data-e-type=\"container\">\n\t\t\t\t<div class=\"elementor-element elementor-element-deb2288 elementor-widget-mobile__width-initial elementor-widget elementor-widget-image\" data-id=\"deb2288\" data-element_type=\"widget\" data-e-type=\"widget\" data-widget_type=\"image.default\">\n\t\t\t\t\t\t\t\t\t\t\t\t\t\t\t<img decoding=\"async\" width=\"256\" height=\"320\" src=\"https:\/\/www.somares.org\/wp-content\/uploads\/2026\/01\/tecnica_ubuntu15.svg\" class=\"elementor-animation-shrink attachment-large size-large wp-image-194\" alt=\"\" \/>\t\t\t\t\t\t\t\t\t\t\t\t\t\t\t<\/div>\n\t\t\t\t<\/div>\n\t\t<div class=\"elementor-element elementor-element-041c155 e-con-full e-flex e-con e-child\" data-id=\"041c155\" data-element_type=\"container\" data-e-type=\"container\">\n\t\t\t\t<div class=\"elementor-element elementor-element-b07497d elementor-widget elementor-widget-image\" data-id=\"b07497d\" data-element_type=\"widget\" data-e-type=\"widget\" data-widget_type=\"image.default\">\n\t\t\t\t\t\t\t\t\t\t\t\t\t\t\t<img decoding=\"async\" width=\"256\" height=\"320\" src=\"https:\/\/www.somares.org\/wp-content\/uploads\/2026\/01\/educacional_ubuntu15.svg\" class=\"elementor-animation-shrink attachment-large size-large wp-image-193\" alt=\"\" \/>\t\t\t\t\t\t\t\t\t\t\t\t\t\t\t<\/div>\n\t\t\t\t<\/div>\n\t\t<div class=\"elementor-element elementor-element-4289f80 e-con-full e-flex e-con e-child\" data-id=\"4289f80\" data-element_type=\"container\" data-e-type=\"container\">\n\t\t\t\t<div class=\"elementor-element elementor-element-7774ebd elementor-widget elementor-widget-image\" data-id=\"7774ebd\" data-element_type=\"widget\" data-e-type=\"widget\" data-widget_type=\"image.default\">\n\t\t\t\t\t\t\t\t\t\t\t\t\t\t\t<img loading=\"lazy\" decoding=\"async\" width=\"256\" height=\"320\" src=\"https:\/\/www.somares.org\/wp-content\/uploads\/2026\/01\/ambiental.svg\" class=\"elementor-animation-shrink attachment-large size-large wp-image-191\" alt=\"\" \/>\t\t\t\t\t\t\t\t\t\t\t\t\t\t\t<\/div>\n\t\t\t\t<\/div>\n\t\t\t\t\t<\/div>\n\t\t\t\t<\/div>\n\t\t<div class=\"elementor-element elementor-element-884a87b e-flex e-con-boxed e-con e-parent\" data-id=\"884a87b\" data-element_type=\"container\" data-e-type=\"container\">\n\t\t\t\t\t<div class=\"e-con-inner\">\n\t\t<div class=\"elementor-element elementor-element-d246af5 e-con-full e-flex e-con e-child\" data-id=\"d246af5\" data-element_type=\"container\" data-e-type=\"container\">\n\t\t\t\t<div class=\"elementor-element elementor-element-41002e6 elementor-widget-mobile__width-initial elementor-widget elementor-widget-image\" data-id=\"41002e6\" data-element_type=\"widget\" data-e-type=\"widget\" data-widget_type=\"image.default\">\n\t\t\t\t\t\t\t\t\t\t\t\t\t\t\t<img loading=\"lazy\" decoding=\"async\" width=\"355\" height=\"334\" src=\"https:\/\/www.somares.org\/wp-content\/uploads\/2026\/01\/Icone-Logo.png\" class=\"attachment-large size-large wp-image-126\" alt=\"\" srcset=\"https:\/\/www.somares.org\/wp-content\/uploads\/2026\/01\/Icone-Logo.png 355w, https:\/\/www.somares.org\/wp-content\/uploads\/2026\/01\/Icone-Logo-300x282.png 300w\" sizes=\"(max-width: 355px) 100vw, 355px\" \/>\t\t\t\t\t\t\t\t\t\t\t\t\t\t\t<\/div>\n\t\t\t\t<\/div>\n\t\t<div class=\"elementor-element elementor-element-1636375 e-con-full e-flex e-con e-child\" data-id=\"1636375\" data-element_type=\"container\" data-e-type=\"container\">\n\t\t\t\t<div class=\"elementor-element elementor-element-81d2706 elementor-widget elementor-widget-heading\" data-id=\"81d2706\" data-element_type=\"widget\" data-e-type=\"widget\" data-widget_type=\"heading.default\">\n\t\t\t\t\t<h2 class=\"elementor-heading-title elementor-size-default\">Sobre N\u00f3s<\/h2>\t\t\t\t<\/div>\n\t\t\t\t<div class=\"elementor-element elementor-element-9657d32 elementor-widget elementor-widget-html\" data-id=\"9657d32\" data-element_type=\"widget\" data-e-type=\"widget\" data-widget_type=\"html.default\">\n\t\t\t\t\t<div class=\"sobre-nos\">\n  <div class=\"texto-resumo\">\n    <p>O Instituto <strong>SOMARES (Sociedade para o Meio Ambiente, Arte, Recrea\u00e7\u00e3o, Educa\u00e7\u00e3o e Sustentabilidade)<\/strong> \u00e9 uma pessoa jur\u00eddica de direito privado, sem fins lucrativos, devidamente registrada e atuante, com sede no munic\u00edpio de Aparecida de Goi\u00e2nia \u2013 GO, com atua\u00e7\u00e3o abrangente em todo o territ\u00f3rio nacional.<\/p>\n\n    <p>O Instituto tem como miss\u00e3o promover o desenvolvimento social, ambiental, educacional e cient\u00edfico, contribuindo para a melhoria da qualidade de vida da popula\u00e7\u00e3o brasileira.<\/p>\n\n    <p>Atua no apoio \u00e0s autoridades governamentais e aos cidad\u00e3os, colaborando para a garantia de direitos fundamentais e para o fortalecimento de servi\u00e7os p\u00fablicos e privados com qualidade, efici\u00eancia e responsabilidade social.<\/p>\n\n    <p>Por meio de seus membros e de uma ampla rede de parceiros, o Instituto SOMARES est\u00e1 credenciado a prestar servi\u00e7os, desenvolver projetos, estudos e a\u00e7\u00f5es junto a entidades p\u00fablicas e privadas, sempre pautado pela \u00e9tica, pela transpar\u00eancia e pelo compromisso com o interesse coletivo.<\/p>\n  <\/div>\n\n  <span class=\"continue-lendo\">Continue lendo<\/span>\n<\/div>\n\n<style>\n@media (max-width: 767px) {\n  .texto-resumo {\n    max-height: 130px;\n    overflow: hidden;\n    transition: max-height 0.4s ease;\n  }\n\n  .texto-resumo.expandido {\n    max-height: 2000px;\n  }\n\n  .continue-lendo {\n    display: inline-block;\n    margin-top: 10px;\n    font-weight: bold;\n    color: #0073aa;\n    cursor: pointer;\n  }\n}\n\n\/* Desktop mostra tudo *\/\n@media (min-width: 768px) {\n  .continue-lendo {\n    display: none;\n  }\n}\n<\/style>\n\n<script>\ndocument.addEventListener(\"DOMContentLoaded\", function () {\n  document.querySelectorAll(\".continue-lendo\").forEach(function (btn) {\n    btn.addEventListener(\"click\", function () {\n      const texto = btn.previousElementSibling;\n\n      texto.classList.toggle(\"expandido\");\n\n      btn.textContent = texto.classList.contains(\"expandido\")\n        ? \"Ler menos\"\n        : \"Continue lendo\";\n    });\n  });\n});\n<\/script>\n\t\t\t\t<\/div>\n\t\t\t\t<\/div>\n\t\t\t\t\t<\/div>\n\t\t\t\t<\/div>\n\t\t\t\t<\/div>\n\t\t","protected":false},"excerpt":{"rendered":"<p>\u00c1reas de Atua\u00e7\u00e3o O Instituto destina-se ao desenvolvimento de atividades de natureza: Sobre N\u00f3s O Instituto SOMARES (Sociedade para o Meio Ambiente, Arte, Recrea\u00e7\u00e3o, Educa\u00e7\u00e3o e Sustentabilidade) \u00e9 uma pessoa jur\u00eddica de direito privado, sem fins lucrativos, devidamente registrada e atuante, com sede no munic\u00edpio de Aparecida de Goi\u00e2nia \u2013 GO, com atua\u00e7\u00e3o abrangente em [&hellip;]<\/p>\n","protected":false},"author":1,"featured_media":0,"parent":0,"menu_order":0,"comment_status":"closed","ping_status":"closed","template":"elementor_header_footer","meta":{"footnotes":""},"class_list":["post-28","page","type-page","status-publish","hentry"],"_links":{"self":[{"href":"https:\/\/www.somares.org\/index.php?rest_route=\/wp\/v2\/pages\/28","targetHints":{"allow":["GET"]}}],"collection":[{"href":"https:\/\/www.somares.org\/index.php?rest_route=\/wp\/v2\/pages"}],"about":[{"href":"https:\/\/www.somares.org\/index.php?rest_route=\/wp\/v2\/types\/page"}],"author":[{"embeddable":true,"href":"https:\/\/www.somares.org\/index.php?rest_route=\/wp\/v2\/users\/1"}],"replies":[{"embeddable":true,"href":"https:\/\/www.somares.org\/index.php?rest_route=%2Fwp%2Fv2%2Fcomments&post=28"}],"version-history":[{"count":5,"href":"https:\/\/www.somares.org\/index.php?rest_route=\/wp\/v2\/pages\/28\/revisions"}],"predecessor-version":[{"id":230,"href":"https:\/\/www.somares.org\/index.php?rest_route=\/wp\/v2\/pages\/28\/revisions\/230"}],"wp:attachment":[{"href":"https:\/\/www.somares.org\/index.php?rest_route=%2Fwp%2Fv2%2Fmedia&parent=28"}],"curies":[{"name":"wp","href":"https:\/\/api.w.org\/{rel}","templated":true}]}}